{"id":2327,"date":"2020-08-27T16:06:39","date_gmt":"2020-08-27T16:06:39","guid":{"rendered":"https:\/\/bmavocats.com\/?page_id=2327"},"modified":"2020-08-27T16:07:09","modified_gmt":"2020-08-27T16:07:09","slug":"%d0%ba%d0%be%d0%bd%d1%82%d0%b0%d0%ba%d1%82%d1%8b","status":"publish","type":"page","link":"https:\/\/bmavocats.com\/ru\/%d0%ba%d0%be%d0%bd%d1%82%d0%b0%d0%ba%d1%82%d1%8b\/","title":{"rendered":"\u041a\u043e\u043d\u0442\u0430\u043a\u0442\u044b"},"content":{"rendered":"<p>Paris<\/p>\n<div class=\"card-block\">\n<p class=\"card-text\">60 avenue Raymond Poincar\u00e9, 75116, Paris FRANCE<\/p>\n<p class=\"card-text card-email text-muted\">Email: <a href=\"mailto:secretariat@bmavocats.com\">secretariat@bmavocats.com<\/a><\/p>\n<p class=\"card-text card-tel text-muted\">Standard: +33(0)1 44 42 90 50<\/p>\n<p class=\"card-text card-fax text-muted\">T\u00e9l\u00e9copie: +33(0)1 45 53 51 48<\/p>\n<\/div>\n","protected":false},"excerpt":{"rendered":"Paris 60 avenue Raymond Poincar\u00e9, 75116, Paris FRANCE Email: secretariat@bmavocats.com Standard: +33(0)1 44 42 90 50 T\u00e9l\u00e9copie: +33(0)1 45 53 51 48","protected":false},"author":1,"featured_media":0,"parent":0,"menu_order":0,"comment_status":"closed","ping_status":"closed","template":"page-presence.php","meta":{"_acf_changed":false,"footnotes":""},"categories":[],"tags":[],"class_list":["post-2327","page","type-page","status-publish","hentry"],"acf":[],"aioseo_notices":[],"_links":{"self":[{"href":"https:\/\/bmavocats.com\/ru\/wp-json\/wp\/v2\/pages\/2327","targetHints":{"allow":["GET"]}}],"collection":[{"href":"https:\/\/bmavocats.com\/ru\/wp-json\/wp\/v2\/pages"}],"about":[{"href":"https:\/\/bmavocats.com\/ru\/wp-json\/wp\/v2\/types\/page"}],"author":[{"embeddable":true,"href":"https:\/\/bmavocats.com\/ru\/wp-json\/wp\/v2\/users\/1"}],"replies":[{"embeddable":true,"href":"https:\/\/bmavocats.com\/ru\/wp-json\/wp\/v2\/comments?post=2327"}],"version-history":[{"count":0,"href":"https:\/\/bmavocats.com\/ru\/wp-json\/wp\/v2\/pages\/2327\/revisions"}],"wp:attachment":[{"href":"https:\/\/bmavocats.com\/ru\/wp-json\/wp\/v2\/media?parent=2327"}],"wp:term":[{"taxonomy":"category","embeddable":true,"href":"https:\/\/bmavocats.com\/ru\/wp-json\/wp\/v2\/categories?post=2327"},{"taxonomy":"post_tag","embeddable":true,"href":"https:\/\/bmavocats.com\/ru\/wp-json\/wp\/v2\/tags?post=2327"}],"curies":[{"name":"wp","href":"https:\/\/api.w.org\/{rel}","templated":true}]}}