{"id":2311,"date":"2020-08-01T14:49:42","date_gmt":"2020-08-01T14:49:42","guid":{"rendered":"https:\/\/bmavocats.com\/index\/"},"modified":"2020-08-31T16:15:44","modified_gmt":"2020-08-31T16:15:44","slug":"index","status":"publish","type":"page","link":"https:\/\/bmavocats.com\/en\/index\/","title":{"rendered":"Index"},"content":{"rendered":"<div style=\"float: left; width: 50%;\">\n<p><strong>BM team of lawyers<br \/>\n<\/strong><\/p>\n<p><a href=\"https:\/\/bmavocats.com\/en\/lawyers\/\">B\u00e9lot Malan Lawyers<\/a><br \/>\n<a href=\"https:\/\/bmavocats.com\/en\/avocats\/alexandre-malan\/\">Alexandre Malan<\/a> (partner)<br \/>\n<a href=\"https:\/\/bmavocats.com\/en\/avocats\/frederic-belot\/\">Fr\u00e9d\u00e9ric Belot<\/a> (partner)<br \/>\n<a href=\"https:\/\/bmavocats.com\/en\/avocats\/marc-adenis-lamarre\/\">Marc-Ardenis Lamarre<\/a> (associate)<br \/>\n<a href=\"https:\/\/bmavocats.com\/en\/avocats\/judith-haroche\/\">Judith Haroche<\/a> (consultant)<br \/>\n<a href=\"https:\/\/bmavocats.com\/en\/avocats\/bibawi-mina\/\">Mina Bibawi<\/a> (consultant)<br \/>\n<a href=\"https:\/\/bmavocats.com\/en\/avocats\/cerasela-vlad\/\">Cerasela Vlad<\/a> (consultant)<br \/>\n<a href=\"https:\/\/bmavocats.com\/en\/avocats\/didier-douvalian\/\">Didier Douvalian<\/a> (consultant)<br \/>\n<a href=\"https:\/\/bmavocats.com\/en\/avocats\/marianne-lecot\/\">Marianne Lecot<\/a> (consultant)<\/p>\n<p><strong>OUR SKILLS<\/strong><\/p>\n<p><strong>TOPICS<\/strong><br \/>\n<a href=\"https:\/\/bmavocats.com\/en\/business-law\/\">Business law<\/a><br \/>\n<a href=\"https:\/\/bmavocats.com\/en\/contract-law\/\">Contract law<\/a><br \/>\n<a href=\"https:\/\/bmavocats.com\/en\/competition-law\/\">Competition law<\/a><br \/>\n<a href=\"https:\/\/bmavocats.com\/en\/international-business-law-attorney-in-paris\/\">International buisness law<\/a><br \/>\n<a href=\"https:\/\/bmavocats.com\/en\/international-arbitration\/\">International arbritation<\/a><br \/>\n<a href=\"https:\/\/bmavocats.com\/en\/white-collar-crime\/\">White collar crime<\/a><br \/>\nEconomic damage<br \/>\n<a href=\"https:\/\/bmavocats.com\/en\/commercial-law\/\">Commercial law<\/a><br \/>\n<a href=\"https:\/\/bmavocats.com\/en\/company-law\/\">Company law<\/a><br \/>\n<a href=\"https:\/\/bmavocats.com\/en\/financial-law\/\">Financial law<\/a><\/p>\n<\/div>\n<div style=\"float: left; width: 50%;\"><a href=\"hhttps:\/\/bmavocats.com\/en\/contact\">LAWYER CONTACT<\/a><br \/>\n<a href=\"https:\/\/bmavocats.com\/en\/about-paris-law-firm\/\">PARIS LAW FIRM<\/a><br \/>\n<strong>NEWS<\/strong><\/div>\n<p><a href=\"https:\/\/bmavocats.com\/en\/updates\/yukos-the-firm-that-shook-up-shearman-and-sterling\/\">Yukos : the firm that shook up Shearman &amp; Sterling<\/a><br \/>\n<a href=\"https:\/\/bmavocats.com\/en\/updates\/alexandre-malan-will-be-a-moderator-in-the-conference-on-arbitration\">Alexandre Malan will be a moderator in the conference on Arbitration and Insurance<\/a><br \/>\n<a href=\"https:\/\/bmavocats.com\/en\/updates\/frederic-belot-will-talk-as-a-panelist-in-the-russia-africa-forum-in-sochi-on-october-23-and-24-2019\/\">Fr\u00e9d\u00e9ric B\u00e9lot will talk as a panelist in the Russia Africa Forum in Sochi<\/a><br \/>\n<a href=\"https:\/\/bmavocats.com\/en\/updates\/breakfast-organized-on-3-april-2019-on-the-prague-rules\/\">Breakfast organized on 3 April 2019 on the Prague Rules<\/a><br \/>\n<a href=\"https:\/\/bmavocats.com\/en\/updates\/interview-of-alexander-malan-in-international-arbitration-report\/\">Interview of Alexander Malan in Mealey\u2019s International Arbitration Report<\/a><\/p>\n<p><a href=\"https:\/\/bmavocats.com\/en\/newsletter\/\"><strong>NEWSLETTER<\/strong><\/a><br \/>\n<a href=\"https:\/\/bmavocats.com\/en\/news\/headquarters-fictivity-and-fraud\/\">Headquarters fictivity and fraud<\/a><br \/>\n<a href=\"https:\/\/bmavocats.com\/en\/news\/brexit-announced-end-of-passporting-in-the-insurance-and-insurance-broking-sector\/\">Brexit announced end of \u201cpassporting\u201d in the insurance<\/a><br \/>\n<a href=\"https:\/\/bmavocats.com\/en\/news\/brexit-end-of-european-passport-for-uk-companies\/\">The end of \u201cEuropean passport\u201d for UK companies ?<\/a><br \/>\n<a href=\"https:\/\/bmavocats.com\/en\/news\/ecj-judges-that-bit-are-not-applicable-between-eu-states-achmea-6-march-2018\/\">ECJ judges that BIT are not applicable between EU States<\/a><br \/>\n<a href=\"https:\/\/bmavocats.com\/en\/news\/insurance-and-jurisdiction-clauses\/\">Insurance and jurisdiction clauses<\/a><br \/>\n<a href=\"https:\/\/bmavocats.com\/en\/news\/insurance-in-france\/\">Insurance in France<\/a><\/p>\n<div style=\"clear: both;\"><\/div>\n<div><\/div>\n","protected":false},"excerpt":{"rendered":"BM team of lawyers B\u00e9lot Malan Lawyers Alexandre Malan (partner) Fr\u00e9d\u00e9ric Belot (partner) Marc-Ardenis Lamarre (associate) Judith Haroche (consultant) Mina Bibawi (consultant) Cerasela Vlad (consultant) Didier Douvalian (consultant) Marianne Lecot&hellip;","protected":false},"author":3,"featured_media":0,"parent":0,"menu_order":0,"comment_status":"closed","ping_status":"closed","template":"","meta":{"_acf_changed":false,"footnotes":""},"categories":[],"tags":[],"class_list":["post-2311","page","type-page","status-publish","hentry"],"acf":[],"aioseo_notices":[],"_links":{"self":[{"href":"https:\/\/bmavocats.com\/en\/wp-json\/wp\/v2\/pages\/2311","targetHints":{"allow":["GET"]}}],"collection":[{"href":"https:\/\/bmavocats.com\/en\/wp-json\/wp\/v2\/pages"}],"about":[{"href":"https:\/\/bmavocats.com\/en\/wp-json\/wp\/v2\/types\/page"}],"author":[{"embeddable":true,"href":"https:\/\/bmavocats.com\/en\/wp-json\/wp\/v2\/users\/3"}],"replies":[{"embeddable":true,"href":"https:\/\/bmavocats.com\/en\/wp-json\/wp\/v2\/comments?post=2311"}],"version-history":[{"count":0,"href":"https:\/\/bmavocats.com\/en\/wp-json\/wp\/v2\/pages\/2311\/revisions"}],"wp:attachment":[{"href":"https:\/\/bmavocats.com\/en\/wp-json\/wp\/v2\/media?parent=2311"}],"wp:term":[{"taxonomy":"category","embeddable":true,"href":"https:\/\/bmavocats.com\/en\/wp-json\/wp\/v2\/categories?post=2311"},{"taxonomy":"post_tag","embeddable":true,"href":"https:\/\/bmavocats.com\/en\/wp-json\/wp\/v2\/tags?post=2311"}],"curies":[{"name":"wp","href":"https:\/\/api.w.org\/{rel}","templated":true}]}}