{"id":1206,"date":"2020-01-05T10:08:20","date_gmt":"2020-01-05T10:08:20","guid":{"rendered":"https:\/\/bmavocats.com\/politique-de-confidentialite\/"},"modified":"2020-01-05T11:47:41","modified_gmt":"2020-01-05T11:47:41","slug":"privacy","status":"publish","type":"page","link":"https:\/\/bmavocats.com\/en\/privacy\/","title":{"rendered":"Privacy"},"content":{"rendered":"\r\n<h2 class=\"wp-block-heading\">Qui sommes-nous\u00a0?<\/h2>\r\n\r\n\r\n\r\n<p>L\u2019adresse de notre site Web est : <a href=\"http:\/\/www.bmavocats.com\">www.bmavocats.com<\/a><\/p>\r\n\r\n\r\n\r\n<h2 class=\"wp-block-heading\">Utilisation des donn\u00e9es personnelles collect\u00e9es<\/h2>\r\n<p>Si l\u2019utilisateur est en d\u00e9saccord avec ces termes, il est libre de ne pas utiliser notre site et de ne fournir aucune donn\u00e9e personnelle.<\/p>\r\n<h3 class=\"spip\">Donn\u00e9es collect\u00e9es automatiquement<\/h3>\r\n<p>Vous pouvez choisir d\u2019acc\u00e9der et de naviguer sur notre site internet sans communiquer vos donn\u00e9es personnelles. Lors de chacune de vos visites, nous sommes toutefois susceptibles de recueillir des informations anonymes , g\u00e9n\u00e9ralement mises \u00e0 disposition par les serveurs et navigateurs web. Ces informations concernent les appareils sur lesquels vous utilisez nos services ou les r\u00e9seaux depuis lesquels vous acc\u00e9dez \u00e0 nos services, tels que notamment vos adresses IP, donn\u00e9es de connexion, types et versions de navigateurs internet utilis\u00e9s, syst\u00e8mes et plateformes d\u2019exploitation, le contenu que vous consultez, la dur\u00e9e de consultation de certaines pages.<\/p>\r\n\r\n\r\n\r\n<h3 class=\"wp-block-heading\">Commentaires<\/h3>\r\n\r\n\r\n\r\n<p style=\"text-align: justify;\">Quand vous laissez un commentaire sur notre site web, les donn\u00e9es inscrites dans le formulaire de commentaire, mais aussi votre adresse IP et l\u2019agent utilisateur de votre navigateur sont collect\u00e9s pour nous aider \u00e0 la d\u00e9tection des commentaires ind\u00e9sirables.<\/p>\r\n\r\n\r\n\r\n<p style=\"text-align: justify;\">Une cha\u00eene anonymis\u00e9e cr\u00e9\u00e9e \u00e0 partir de votre adresse de messagerie (\u00e9galement appel\u00e9e hash) peut \u00eatre envoy\u00e9e au service Gravatar pour v\u00e9rifier si vous utilisez ce dernier. Les clauses de confidentialit\u00e9 du service Gravatar sont disponibles ici\u00a0: https:\/\/automattic.com\/privacy\/. Apr\u00e8s validation de votre commentaire, votre photo de profil sera visible publiquement \u00e0 cot\u00e9 de votre commentaire.<\/p>\r\n\r\n\r\n\r\n<h3 class=\"wp-block-heading\">M\u00e9dias<\/h3>\r\n\r\n\r\n\r\n<p style=\"text-align: justify;\">Si vous \u00eates un utilisateur ou une utilisatrice enregistr\u00e9\u00b7e et que vous t\u00e9l\u00e9versez des images sur le site web, nous vous conseillons d\u2019\u00e9viter de t\u00e9l\u00e9verser des images contenant des donn\u00e9es EXIF de coordonn\u00e9es GPS. Les visiteurs de votre site web peuvent t\u00e9l\u00e9charger et extraire des donn\u00e9es de localisation depuis ces images.<\/p>\r\n\r\n\r\n\r\n<h3 class=\"wp-block-heading\">Information de contact<\/h3>\r\n<p>Lorsque vous nous adressez un message par e-mail les informations ne seront utilis\u00e9es que pour r\u00e9pondre \u00e0 votre demande. En aucun cas, nous ne vous enverrons de messages non sollicit\u00e9s (publicit\u00e9s, etc.).<\/p>\r\n<h3 class=\"spip\">Inscription \u00e0 notre <span lang=\"en\">newsletter<\/span><\/h3>\r\n<p>Lorsque vous vous inscrivez \u00e0 notre <span lang=\"en\">newsletter<\/span>, vous devez \u00e0 minima nous communiquer votre e-mail. Cette information ne sera utilis\u00e9e que dans le cadre de cette newsletter.<br class=\"autobr\" \/>Nous utilisons MailChimp comme plate-forme . En remplissant ce formulaire d\u2019inscription, vous acceptez que les informations que vous fournissez soient transf\u00e9r\u00e9es \u00e0 MailChimp pour traitement conform\u00e9ment \u00e0 leurs <a class=\"spip_out\" href=\"https:\/\/mailchimp.com\/legal\/terms\/\" target=\"_blank\" rel=\"noopener noreferrer nofollow\">conditions d\u2019utilisation<\/a> et <a class=\"spip_out\" href=\"https:\/\/mailchimp.com\/legal\/privacy\/\" target=\"_blank\" rel=\"noopener noreferrer nofollow\">politique de confidentialit\u00e9<\/a>.<\/p>\r\n\r\n\r\n\r\n<h3 class=\"wp-block-heading\">Cookies<\/h3>\r\n\r\n\r\n\r\n<p style=\"text-align: justify;\">Si vous d\u00e9posez un commentaire sur notre site, il vous sera propos\u00e9 d\u2019enregistrer votre nom, adresse de messagerie et site web dans des cookies. C\u2019est uniquement pour votre confort afin de ne pas avoir \u00e0 saisir ces informations si vous d\u00e9posez un autre commentaire plus tard. Ces cookies expirent au bout d\u2019un an.<\/p>\r\n\r\n\r\n\r\n<p style=\"text-align: justify;\">Si vous vous rendez sur la page de connexion, un cookie temporaire sera cr\u00e9\u00e9 afin de d\u00e9terminer si votre navigateur accepte les cookies. Il ne contient pas de donn\u00e9es personnelles et sera supprim\u00e9 automatiquement \u00e0 la fermeture de votre navigateur.<\/p>\r\n\r\n\r\n\r\n<p style=\"text-align: justify;\">Lorsque vous vous connecterez, nous mettrons en place un certain nombre de cookies pour enregistrer vos informations de connexion et vos pr\u00e9f\u00e9rences d\u2019\u00e9cran. La dur\u00e9e de vie d\u2019un cookie de connexion est de deux jours, celle d\u2019un cookie d\u2019option d\u2019\u00e9cran est d\u2019un an. Si vous cochez \u00ab\u00a0Se souvenir de moi\u00a0\u00bb, votre cookie de connexion sera conserv\u00e9 pendant deux semaines. Si vous vous d\u00e9connectez de votre compte, le cookie de connexion sera effac\u00e9.<\/p>\r\n\r\n\r\n\r\n<p style=\"text-align: justify;\">En modifiant ou en publiant une publication, un cookie suppl\u00e9mentaire sera enregistr\u00e9 dans votre navigateur. Ce cookie ne comprend aucune donn\u00e9e personnelle. Il indique simplement l\u2019ID de la publication que vous venez de modifier. Il expire au bout d\u2019un jour.<\/p>\r\n\r\n\r\n\r\n<h3 class=\"wp-block-heading\">Contenu embarqu\u00e9 depuis d\u2019autres sites<\/h3>\r\n\r\n\r\n\r\n<p>Les articles de ce site peuvent inclure des contenus int\u00e9gr\u00e9s (par exemple des vid\u00e9os, images, articles\u2026). Le contenu int\u00e9gr\u00e9 depuis d\u2019autres sites se comporte de la m\u00eame mani\u00e8re que si le visiteur se rendait sur cet autre site.<\/p>\r\n\r\n\r\n\r\n<p>Ces sites web pourraient collecter des donn\u00e9es sur vous, utiliser des cookies, embarquer des outils de suivis tiers, suivre vos interactions avec ces contenus embarqu\u00e9s si vous disposez d\u2019un compte connect\u00e9 sur leur site web.<\/p>\r\n\r\n\r\n\r\n<h3 class=\"wp-block-heading\">Statistiques et mesures d\u2019audience<\/h3>\r\n<p style=\"text-align: justify;\">Google Analytics<br \/>Les analyses nous aident \u00e0 fournir un meilleur contenu \u00e0 notre public. Nous nous sommes assur\u00e9s qu&#8217;aucune information personnelle identifiable (PII) n&#8217;est envoy\u00e9e par des adresses IP anonymes.<\/p>\r\n\r\n\r\n\r\n<h2 class=\"wp-block-heading\">Utilisation et transmission de vos donn\u00e9es personnelles<\/h2>\r\n\r\n\r\n\r\n<h2 class=\"wp-block-heading\">Dur\u00e9es de stockage de vos donn\u00e9es<\/h2>\r\n\r\n\r\n\r\n<p>Si vous laissez un commentaire, le commentaire et ses m\u00e9tadonn\u00e9es sont conserv\u00e9s ind\u00e9finiment. Cela permet de reconna\u00eetre et approuver automatiquement les commentaires suivants au lieu de les laisser dans la file de mod\u00e9ration.<\/p>\r\n\r\n\r\n\r\n<p>Pour les utilisateurs et utilisatrices qui s\u2019enregistrent sur notre site (si cela est possible), nous stockons \u00e9galement les donn\u00e9es personnelles indiqu\u00e9es dans leur profil. Tous les utilisateurs et utilisatrices peuvent voir, modifier ou supprimer leurs informations personnelles \u00e0 tout moment (\u00e0 l\u2019exception de leur nom d\u2019utilisateur\u00b7ice). Les gestionnaires du site peuvent aussi voir et modifier ces informations.<\/p>\r\n\r\n\r\n\r\n<h2 class=\"wp-block-heading\">Les droits que vous avez sur vos donn\u00e9es<\/h2>\r\n\r\n\r\n\r\n<p>Si vous avez un compte ou si vous avez laiss\u00e9 des commentaires sur le site, vous pouvez demander \u00e0 recevoir un fichier contenant toutes les donn\u00e9es personnelles que nous poss\u00e9dons \u00e0 votre sujet, incluant celles que vous nous avez fournies. Vous pouvez \u00e9galement demander la suppression des donn\u00e9es personnelles vous concernant. Cela ne prend pas en compte les donn\u00e9es stock\u00e9es \u00e0 des fins administratives, l\u00e9gales ou pour des raisons de s\u00e9curit\u00e9.<\/p>\r\n\r\n\r\n\r\n<h2 class=\"wp-block-heading\">Transmission de vos donn\u00e9es personnelles<\/h2>\r\n\r\n\r\n\r\n<p>Les commentaires des visiteurs peuvent \u00eatre v\u00e9rifi\u00e9s \u00e0 l\u2019aide d\u2019un service automatis\u00e9 de d\u00e9tection des commentaires ind\u00e9sirables.<\/p>\r\n<h3>Comment nous prot\u00e9geons vos donn\u00e9es<\/h3>\r\n<p>Seules des donn\u00e9es statistiques anonymis\u00e9es peuvent \u00eatre conserv\u00e9es et trait\u00e9es, dans le respect des dispositions de la loi Informatique et Libert\u00e9s.<\/p>\r\n<p>\r\n\r\n<\/p>\r\n<p>L\u2019acc\u00e8s aux donn\u00e9es personnelles que vous nous fournissez est strictement limit\u00e9 aux membres de l\u2019\u00e9quipe. Ces donn\u00e9es ne sont pas partag\u00e9es.<\/p>\r\n<p>\r\n\r\n<\/p>\r\n\r\n\r\n\r\n<h2 class=\"wp-block-heading\">Informations de contact<\/h2>\r\n\r\n\r\n\r\n\r\n\r\n<p>Paris 60 avenue Raymond Poincar\u00e9, 75116, Paris FRANCE <br \/>Email: secretariat@bmavocats.com<br \/>Standard: +33(0)1 44 42 90 50<br \/>T\u00e9l\u00e9copie: +33(0)1 45 53 51 48<\/p>\r\n","protected":false},"excerpt":{"rendered":"Qui sommes-nous\u00a0? L\u2019adresse de notre site Web est : www.bmavocats.com Utilisation des donn\u00e9es personnelles collect\u00e9es Si l\u2019utilisateur est en d\u00e9saccord avec ces termes, il est libre de ne pas utiliser&hellip;","protected":false},"author":1,"featured_media":0,"parent":0,"menu_order":0,"comment_status":"closed","ping_status":"closed","template":"","meta":{"_acf_changed":false,"footnotes":""},"categories":[],"tags":[],"class_list":["post-1206","page","type-page","status-publish","hentry"],"acf":[],"aioseo_notices":[],"_links":{"self":[{"href":"https:\/\/bmavocats.com\/en\/wp-json\/wp\/v2\/pages\/1206","targetHints":{"allow":["GET"]}}],"collection":[{"href":"https:\/\/bmavocats.com\/en\/wp-json\/wp\/v2\/pages"}],"about":[{"href":"https:\/\/bmavocats.com\/en\/wp-json\/wp\/v2\/types\/page"}],"author":[{"embeddable":true,"href":"https:\/\/bmavocats.com\/en\/wp-json\/wp\/v2\/users\/1"}],"replies":[{"embeddable":true,"href":"https:\/\/bmavocats.com\/en\/wp-json\/wp\/v2\/comments?post=1206"}],"version-history":[{"count":0,"href":"https:\/\/bmavocats.com\/en\/wp-json\/wp\/v2\/pages\/1206\/revisions"}],"wp:attachment":[{"href":"https:\/\/bmavocats.com\/en\/wp-json\/wp\/v2\/media?parent=1206"}],"wp:term":[{"taxonomy":"category","embeddable":true,"href":"https:\/\/bmavocats.com\/en\/wp-json\/wp\/v2\/categories?post=1206"},{"taxonomy":"post_tag","embeddable":true,"href":"https:\/\/bmavocats.com\/en\/wp-json\/wp\/v2\/tags?post=1206"}],"curies":[{"name":"wp","href":"https:\/\/api.w.org\/{rel}","templated":true}]}}